
{"id":13365,"date":"2025-12-16T08:51:23","date_gmt":"2025-12-16T08:51:23","guid":{"rendered":"https:\/\/www.sygnaturediscovery.com\/simons-journey-modal\/"},"modified":"2026-01-27T15:13:43","modified_gmt":"2026-01-27T15:13:43","slug":"simons-journey-modal","status":"publish","type":"page","link":"https:\/\/www.sygnaturediscovery.com\/fr\/simons-journey-modal\/","title":{"rendered":"Simons Journey [Modal]"},"content":{"rendered":"<section class=\"Pegasus__Container w-full   relative h-fixed  text-content-dark mobile-stacking-standard is-layout-flow wp-block-pegasus-container-is-layout-flow has-background\" style=\" --height-fixed: 410px;   ;background-position:50% 50%;background-size:cover;background-image: url(&apos;https:\/\/www.sygnaturediscovery.com\/wp-content\/uploads\/2025\/12\/Frame-14920.webp&apos;);\" >\n\t        \n\t\n\t\t\t\t\t\t\n\t\t        \t\t\n\t\t\t\t\t\t\t\n\t\t\t<div class=\"inner relative h-full is-flex-layout flex flex-col justify-start  w-full\"><\/div>\n\t\t\n\t        <\/section>\n<section class=\"Pegasus__Container w-full   relative h-fit  text-content-dark mobile-stacking-standard is-layout-flow wp-block-pegasus-container-is-layout-flow\" style=\"  padding-top:var(--wp--preset--spacing--50);padding-bottom:var(--wp--preset--spacing--50); \" >\n\t        \n\t\n\t\t\t\t\t\t\n\t\t        \t\t\n\t\t\t\t\t\t\t\n\t\t\t<div class=\"inner relative h-full is-flex-layout flex flex-col justify-start  container\">\n\n<h3 class=\"wp-block-heading has-text-3-xl-font-size\">Qu\u2019est-ce qui vous a motiv\u00e9 \u00e0 entreprendre ce voyage et \u00e0 cr\u00e9er l\u2019entreprise\u00a0?<br\/><br\/> <mark style=\"background-color:rgba(0, 0, 0, 0);color:#005de5\" class=\"has-inline-color\">Le voyage de Simon<\/mark><\/h3>\n\n\n\n<div style=\"height:1.5rem\" aria-hidden=\"true\" class=\"wp-block-spacer\"><\/div>\n\n\n\n<p class=\"has-text-align-left has-text-base-font-size\" style=\"margin-bottom:var(--wp--preset--spacing--20);letter-spacing:0.5px;line-height:1.5\"><strong>Qu\u2019est-ce qui vous a inspir\u00e9 \u00e0 entreprendre ce voyage et \u00e0 fonder Sygnature\u00a0?<\/strong><\/p>\n\n\n\n<p>\u00ab Apr\u00e8s avoir travaill\u00e9 dans de grandes et moyennes entreprises pharmaceutiques, j&rsquo;ai \u00e9t\u00e9 amen\u00e9 \u00e0 externaliser plusieurs services \u2013 et franchement, l&rsquo;exp\u00e9rience a souvent \u00e9t\u00e9 d\u00e9cevante. Une fois que nous avions engag\u00e9 une entreprise, nous nous rendions vite compte qu&rsquo;elle ne poss\u00e9dait pas les comp\u00e9tences, l&rsquo;infrastructure ou les capacit\u00e9s de recherche n\u00e9cessaires pour r\u00e9pondre \u00e0 nos besoins. \u00bb <\/p>\n\n\n\n<p>La communication posait \u00e9galement probl\u00e8me. Face aux difficult\u00e9s, les \u00e9quipes, pourtant bien intentionn\u00e9es, tentaient de les r\u00e9soudre avant m\u00eame d&rsquo;en parler. R\u00e9sultat\u00a0: des mois s&rsquo;\u00e9taient \u00e9coul\u00e9s sans progr\u00e8s significatifs. La gestion des projets externalis\u00e9s \u00e9tait hors de contr\u00f4le\u00a0: comp\u00e9tences, capacit\u00e9s et communication laissaient \u00e0 d\u00e9sirer. Je savais qu&rsquo;il \u00e9tait possible de faire mieux. Il fallait absolument faire mieux, car la d\u00e9couverte de m\u00e9dicaments doit imp\u00e9rativement aboutir.     <\/p>\n\n\n\n<p>Il \u00e9tait clair que l&rsquo;externalisation de la recherche pharmaceutique allait devenir un \u00e9l\u00e9ment cl\u00e9 de l&rsquo;avenir de l&rsquo;industrie. La recherche pharmaceutique devait se poursuivre et r\u00e9ussir. Nous serons tous un jour patients, et avec l&rsquo;\u00e2ge, le besoin de traitements efficaces ne cesse de cro\u00eetre. L&rsquo;ancien mod\u00e8le pharmaceutique \u00e9tait trop rigide et manquait d&rsquo;innovation. L&rsquo;externalisation offrait une approche flexible, capable d&rsquo;am\u00e9liorer l&rsquo;efficacit\u00e9 et de permettre l&rsquo;adoption de nouvelles technologies \u2013 chose que les grands groupes pharmaceutiques ne pouvaient tout simplement pas faire.    <\/p>\n\n\n\n<p>\u00ab Forte de mon exp\u00e9rience de chimiste m\u00e9dicinale et de mes contacts dans l&rsquo;industrie, j&rsquo;ai fond\u00e9 Sygnature Chemical Services en 2004. Nous avons d\u00e9but\u00e9 comme une petite \u00e9quipe de chimie, appuy\u00e9e par la chimie computationnelle. La chimie constituait notre socle, mais notre vision a toujours \u00e9t\u00e9 de b\u00e2tir un service int\u00e9gr\u00e9 de d\u00e9couverte de m\u00e9dicaments. Je savais que constituer une \u00e9quipe de biosciences comp\u00e9tente serait un d\u00e9fi, mais en 2011, la fermeture du site d&rsquo;AstraZeneca \u00e0 Loughborough a cr\u00e9\u00e9 cette opportunit\u00e9. Nous avons poursuivi notre expansion en 2015 en int\u00e9grant la DMPK, et en 2017, nous avons ajout\u00e9 des services in vivo pour compl\u00e9ter nos comp\u00e9tences en DMPK et en sciences physiques. \u00bb    <\/p>\n\n\n\n<p class=\"has-text-align-left has-text-base-font-size\">\u00ab Ce parcours a toujours \u00e9t\u00e9 guid\u00e9 par nos clients et leurs besoins. Nous innovons sans cesse, en proposant de nouveaux services et technologies qui cr\u00e9ent une r\u00e9elle valeur ajout\u00e9e. Depuis le premier jour, notre vision est simple\u00a0: la d\u00e9couverte de m\u00e9dicaments doit \u00eatre am\u00e9lior\u00e9e. Nous croyons en une approche diff\u00e9rente\u00a0: d\u00e9velopper et mettre en \u0153uvre de nouveaux processus pour optimiser les chances de succ\u00e8s. \u00bb<\/p>\n\n<\/div>\n\t\t\n\t        <\/section>\n","protected":false},"excerpt":{"rendered":"","protected":false},"author":1,"featured_media":0,"parent":0,"menu_order":0,"comment_status":"closed","ping_status":"closed","template":"","meta":{"_acf_changed":false,"footnotes":""},"class_list":["post-13365","page","type-page","status-publish","hentry"],"acf":[],"yoast_head":"<!-- This site is optimized with the Yoast SEO plugin v27.3 - https:\/\/yoast.com\/product\/yoast-seo-wordpress\/ -->\n<title>Simons Journey [Modal] - Sygnature<\/title>\n<meta name=\"robots\" content=\"index, follow, max-snippet:-1, max-image-preview:large, max-video-preview:-1\" \/>\n<link rel=\"canonical\" href=\"https:\/\/www.sygnaturediscovery.com\/fr\/simons-journey-modal\/\" \/>\n<meta property=\"og:locale\" content=\"fr_CA\" \/>\n<meta property=\"og:type\" content=\"article\" \/>\n<meta property=\"og:title\" content=\"Simons Journey [Modal] - Sygnature\" \/>\n<meta property=\"og:url\" content=\"https:\/\/www.sygnaturediscovery.com\/fr\/simons-journey-modal\/\" \/>\n<meta property=\"og:site_name\" content=\"Sygnature\" \/>\n<meta property=\"article:modified_time\" content=\"2026-01-27T15:13:43+00:00\" \/>\n<meta property=\"og:image\" content=\"https:\/\/www.sygnaturediscovery.com\/wp-content\/uploads\/2026\/02\/sygnature-hit-to-lead-team-collaboration-scaled.webp\" \/>\n\t<meta property=\"og:image:width\" content=\"2560\" \/>\n\t<meta property=\"og:image:height\" content=\"1707\" \/>\n\t<meta property=\"og:image:type\" content=\"image\/webp\" \/>\n<meta name=\"twitter:card\" content=\"summary_large_image\" \/>\n<meta name=\"twitter:label1\" content=\"Estimation du temps de lecture\" \/>\n\t<meta name=\"twitter:data1\" content=\"2 minutes\" \/>\n<script type=\"application\/ld+json\" class=\"yoast-schema-graph\">{\"@context\":\"https:\\\/\\\/schema.org\",\"@graph\":[{\"@type\":\"WebPage\",\"@id\":\"https:\\\/\\\/www.sygnaturediscovery.com\\\/fr\\\/simons-journey-modal\\\/\",\"url\":\"https:\\\/\\\/www.sygnaturediscovery.com\\\/fr\\\/simons-journey-modal\\\/\",\"name\":\"Simons Journey [Modal] - Sygnature\",\"isPartOf\":{\"@id\":\"https:\\\/\\\/www.sygnaturediscovery.com\\\/fr\\\/#website\"},\"datePublished\":\"2025-12-16T08:51:23+00:00\",\"dateModified\":\"2026-01-27T15:13:43+00:00\",\"breadcrumb\":{\"@id\":\"https:\\\/\\\/www.sygnaturediscovery.com\\\/fr\\\/simons-journey-modal\\\/#breadcrumb\"},\"inLanguage\":\"fr-CA\",\"potentialAction\":[{\"@type\":\"ReadAction\",\"target\":[\"https:\\\/\\\/www.sygnaturediscovery.com\\\/fr\\\/simons-journey-modal\\\/\"]}]},{\"@type\":\"BreadcrumbList\",\"@id\":\"https:\\\/\\\/www.sygnaturediscovery.com\\\/fr\\\/simons-journey-modal\\\/#breadcrumb\",\"itemListElement\":[{\"@type\":\"ListItem\",\"position\":1,\"name\":\"Home\",\"item\":\"https:\\\/\\\/www.sygnaturediscovery.com\\\/fr\\\/page-daccueil\\\/\"},{\"@type\":\"ListItem\",\"position\":2,\"name\":\"Simons Journey [Modal]\"}]},{\"@type\":\"WebSite\",\"@id\":\"https:\\\/\\\/www.sygnaturediscovery.com\\\/fr\\\/#website\",\"url\":\"https:\\\/\\\/www.sygnaturediscovery.com\\\/fr\\\/\",\"name\":\"Sygnature Discovery\",\"description\":\"\",\"publisher\":{\"@id\":\"https:\\\/\\\/www.sygnaturediscovery.com\\\/fr\\\/#organization\"},\"alternateName\":\"Sygnature\",\"potentialAction\":[{\"@type\":\"SearchAction\",\"target\":{\"@type\":\"EntryPoint\",\"urlTemplate\":\"https:\\\/\\\/www.sygnaturediscovery.com\\\/fr\\\/?s={search_term_string}\"},\"query-input\":{\"@type\":\"PropertyValueSpecification\",\"valueRequired\":true,\"valueName\":\"search_term_string\"}}],\"inLanguage\":\"fr-CA\"},{\"@type\":\"Organization\",\"@id\":\"https:\\\/\\\/www.sygnaturediscovery.com\\\/fr\\\/#organization\",\"name\":\"Sygnature Discovery\",\"url\":\"https:\\\/\\\/www.sygnaturediscovery.com\\\/fr\\\/\",\"logo\":{\"@type\":\"ImageObject\",\"inLanguage\":\"fr-CA\",\"@id\":\"https:\\\/\\\/www.sygnaturediscovery.com\\\/fr\\\/#\\\/schema\\\/logo\\\/image\\\/\",\"url\":\"https:\\\/\\\/www.sygnaturediscovery.com\\\/wp-content\\\/uploads\\\/2025\\\/11\\\/Logo.svg\",\"contentUrl\":\"https:\\\/\\\/www.sygnaturediscovery.com\\\/wp-content\\\/uploads\\\/2025\\\/11\\\/Logo.svg\",\"width\":1,\"height\":1,\"caption\":\"Sygnature Discovery\"},\"image\":{\"@id\":\"https:\\\/\\\/www.sygnaturediscovery.com\\\/fr\\\/#\\\/schema\\\/logo\\\/image\\\/\"}}]}<\/script>\n<!-- \/ Yoast SEO plugin. -->","yoast_head_json":{"title":"Simons Journey [Modal] - Sygnature","robots":{"index":"index","follow":"follow","max-snippet":"max-snippet:-1","max-image-preview":"max-image-preview:large","max-video-preview":"max-video-preview:-1"},"canonical":"https:\/\/www.sygnaturediscovery.com\/fr\/simons-journey-modal\/","og_locale":"fr_CA","og_type":"article","og_title":"Simons Journey [Modal] - Sygnature","og_url":"https:\/\/www.sygnaturediscovery.com\/fr\/simons-journey-modal\/","og_site_name":"Sygnature","article_modified_time":"2026-01-27T15:13:43+00:00","og_image":[{"width":2560,"height":1707,"url":"https:\/\/www.sygnaturediscovery.com\/wp-content\/uploads\/2026\/02\/sygnature-hit-to-lead-team-collaboration-scaled.webp","type":"image\/webp"}],"twitter_card":"summary_large_image","twitter_misc":{"Estimation du temps de lecture":"2 minutes"},"schema":{"@context":"https:\/\/schema.org","@graph":[{"@type":"WebPage","@id":"https:\/\/www.sygnaturediscovery.com\/fr\/simons-journey-modal\/","url":"https:\/\/www.sygnaturediscovery.com\/fr\/simons-journey-modal\/","name":"Simons Journey [Modal] - Sygnature","isPartOf":{"@id":"https:\/\/www.sygnaturediscovery.com\/fr\/#website"},"datePublished":"2025-12-16T08:51:23+00:00","dateModified":"2026-01-27T15:13:43+00:00","breadcrumb":{"@id":"https:\/\/www.sygnaturediscovery.com\/fr\/simons-journey-modal\/#breadcrumb"},"inLanguage":"fr-CA","potentialAction":[{"@type":"ReadAction","target":["https:\/\/www.sygnaturediscovery.com\/fr\/simons-journey-modal\/"]}]},{"@type":"BreadcrumbList","@id":"https:\/\/www.sygnaturediscovery.com\/fr\/simons-journey-modal\/#breadcrumb","itemListElement":[{"@type":"ListItem","position":1,"name":"Home","item":"https:\/\/www.sygnaturediscovery.com\/fr\/page-daccueil\/"},{"@type":"ListItem","position":2,"name":"Simons Journey [Modal]"}]},{"@type":"WebSite","@id":"https:\/\/www.sygnaturediscovery.com\/fr\/#website","url":"https:\/\/www.sygnaturediscovery.com\/fr\/","name":"Sygnature Discovery","description":"","publisher":{"@id":"https:\/\/www.sygnaturediscovery.com\/fr\/#organization"},"alternateName":"Sygnature","potentialAction":[{"@type":"SearchAction","target":{"@type":"EntryPoint","urlTemplate":"https:\/\/www.sygnaturediscovery.com\/fr\/?s={search_term_string}"},"query-input":{"@type":"PropertyValueSpecification","valueRequired":true,"valueName":"search_term_string"}}],"inLanguage":"fr-CA"},{"@type":"Organization","@id":"https:\/\/www.sygnaturediscovery.com\/fr\/#organization","name":"Sygnature Discovery","url":"https:\/\/www.sygnaturediscovery.com\/fr\/","logo":{"@type":"ImageObject","inLanguage":"fr-CA","@id":"https:\/\/www.sygnaturediscovery.com\/fr\/#\/schema\/logo\/image\/","url":"https:\/\/www.sygnaturediscovery.com\/wp-content\/uploads\/2025\/11\/Logo.svg","contentUrl":"https:\/\/www.sygnaturediscovery.com\/wp-content\/uploads\/2025\/11\/Logo.svg","width":1,"height":1,"caption":"Sygnature Discovery"},"image":{"@id":"https:\/\/www.sygnaturediscovery.com\/fr\/#\/schema\/logo\/image\/"}}]}},"_links":{"self":[{"href":"https:\/\/www.sygnaturediscovery.com\/fr\/wp-json\/wp\/v2\/pages\/13365","targetHints":{"allow":["GET"]}}],"collection":[{"href":"https:\/\/www.sygnaturediscovery.com\/fr\/wp-json\/wp\/v2\/pages"}],"about":[{"href":"https:\/\/www.sygnaturediscovery.com\/fr\/wp-json\/wp\/v2\/types\/page"}],"author":[{"embeddable":true,"href":"https:\/\/www.sygnaturediscovery.com\/fr\/wp-json\/wp\/v2\/users\/1"}],"replies":[{"embeddable":true,"href":"https:\/\/www.sygnaturediscovery.com\/fr\/wp-json\/wp\/v2\/comments?post=13365"}],"version-history":[{"count":0,"href":"https:\/\/www.sygnaturediscovery.com\/fr\/wp-json\/wp\/v2\/pages\/13365\/revisions"}],"wp:attachment":[{"href":"https:\/\/www.sygnaturediscovery.com\/fr\/wp-json\/wp\/v2\/media?parent=13365"}],"curies":[{"name":"wp","href":"https:\/\/api.w.org\/{rel}","templated":true}]}}