
{"id":13327,"date":"2025-12-10T11:27:52","date_gmt":"2025-12-10T11:27:52","guid":{"rendered":"https:\/\/www.sygnaturediscovery.com\/pharmacologie-in-vivo-modulaire\/"},"modified":"2026-01-27T15:11:04","modified_gmt":"2026-01-27T15:11:04","slug":"pharmacologie-in-vivo-modulaire","status":"publish","type":"page","link":"https:\/\/www.sygnaturediscovery.com\/fr\/pharmacologie-in-vivo-modulaire\/","title":{"rendered":"Pharmacologie in vivo [Modulaire]"},"content":{"rendered":"<section class=\"Pegasus__Container w-full   relative h-fixed  text-content-dark mobile-stacking-standard is-layout-flow wp-block-pegasus-container-is-layout-flow has-background\" style=\" --height-fixed: 410px;   ;background-position:50% 50%;background-size:cover;background-image: url(&apos;https:\/\/www.sygnaturediscovery.com\/wp-content\/uploads\/2025\/12\/Frame-14920.webp&apos;);\" >\n\t        \n\t\n\t\t\t\t\t\t\n\t\t        \t\t\n\t\t\t\t\t\t\t\n\t\t\t<div class=\"inner relative h-full is-flex-layout flex flex-col justify-start  w-full\"><\/div>\n\t\t\n\t        <\/section>\n<section class=\"Pegasus__Container w-full   relative h-fit  text-content-dark mobile-stacking-standard is-layout-flow wp-block-pegasus-container-is-layout-flow\" style=\"  padding-top:var(--wp--preset--spacing--50);padding-bottom:var(--wp--preset--spacing--50); \" >\n\t        \n\t\n\t\t\t\t\t\t\n\t\t        \t\t\n\t\t\t\t\t\t\t\n\t\t\t<div class=\"inner relative h-full is-flex-layout flex flex-col justify-start  container\">\n\n<h3 class=\"wp-block-heading has-text-3-xl-font-size\">Pharmacologie <em>in vivo<\/em><\/h3>\n\n\n\n<p>Notre plateforme int\u00e9gr\u00e9e <em>in vitro<\/em> , <em>ex vivo<\/em> et <em>in vivo<\/em> permet une compr\u00e9hension unifi\u00e9e de la biologie m\u00e9tabolique. Ses capacit\u00e9s incluent\u00a0: <\/p>\n\n\n\n<ul class=\"wp-block-list\">\n<li>Mod\u00e8les d&rsquo;ob\u00e9sit\u00e9 et de diab\u00e8te, y compris la n\u00e9phropathie diab\u00e9tique<\/li>\n\n\n\n<li>Mod\u00e8les MASH\/NAFLD<\/li>\n\n\n\n<li>R\u00e9duction du poids corporel, suivi de l&rsquo;apport alimentaire, analyse du m\u00e9tabolisme et de la composition corporelle<\/li>\n\n\n\n<li>Profilage des biomarqueurs hormonaux et cytokiniques<\/li>\n<\/ul>\n\n\n\n<p>Les relations PK\/PD et les signatures de biomarqueurs relient l&rsquo;engagement de la cible, la modulation des voies et l&rsquo;efficacit\u00e9 in vivo, acc\u00e9l\u00e9rant ainsi la progression vers la nomination des candidats.<\/p>\n\n<\/div>\n\t\t\n\t        <\/section>\n","protected":false},"excerpt":{"rendered":"","protected":false},"author":1,"featured_media":0,"parent":0,"menu_order":0,"comment_status":"closed","ping_status":"closed","template":"","meta":{"_acf_changed":false,"footnotes":""},"class_list":["post-13327","page","type-page","status-publish","hentry"],"acf":[],"yoast_head":"<!-- This site is optimized with the Yoast SEO plugin v27.3 - https:\/\/yoast.com\/product\/yoast-seo-wordpress\/ -->\n<title>Pharmacologie in vivo [Modulaire] - Sygnature<\/title>\n<meta name=\"robots\" content=\"index, follow, max-snippet:-1, max-image-preview:large, max-video-preview:-1\" \/>\n<link rel=\"canonical\" href=\"https:\/\/www.sygnaturediscovery.com\/fr\/pharmacologie-in-vivo-modulaire\/\" \/>\n<meta property=\"og:locale\" content=\"fr_CA\" \/>\n<meta property=\"og:type\" content=\"article\" \/>\n<meta property=\"og:title\" content=\"Pharmacologie in vivo [Modulaire] - Sygnature\" \/>\n<meta property=\"og:url\" content=\"https:\/\/www.sygnaturediscovery.com\/fr\/pharmacologie-in-vivo-modulaire\/\" \/>\n<meta property=\"og:site_name\" content=\"Sygnature\" \/>\n<meta property=\"article:modified_time\" content=\"2026-01-27T15:11:04+00:00\" \/>\n<meta property=\"og:image\" content=\"https:\/\/www.sygnaturediscovery.com\/wp-content\/uploads\/2026\/02\/sygnature-hit-to-lead-team-collaboration-scaled.webp\" \/>\n\t<meta property=\"og:image:width\" content=\"2560\" \/>\n\t<meta property=\"og:image:height\" content=\"1707\" \/>\n\t<meta property=\"og:image:type\" content=\"image\/webp\" \/>\n<meta name=\"twitter:card\" content=\"summary_large_image\" \/>\n<meta name=\"twitter:label1\" content=\"Estimation du temps de lecture\" \/>\n\t<meta name=\"twitter:data1\" content=\"1 minute\" \/>\n<script type=\"application\/ld+json\" class=\"yoast-schema-graph\">{\"@context\":\"https:\\\/\\\/schema.org\",\"@graph\":[{\"@type\":\"WebPage\",\"@id\":\"https:\\\/\\\/www.sygnaturediscovery.com\\\/fr\\\/pharmacologie-in-vivo-modulaire\\\/\",\"url\":\"https:\\\/\\\/www.sygnaturediscovery.com\\\/fr\\\/pharmacologie-in-vivo-modulaire\\\/\",\"name\":\"Pharmacologie in vivo [Modulaire] - Sygnature\",\"isPartOf\":{\"@id\":\"https:\\\/\\\/www.sygnaturediscovery.com\\\/fr\\\/#website\"},\"datePublished\":\"2025-12-10T11:27:52+00:00\",\"dateModified\":\"2026-01-27T15:11:04+00:00\",\"breadcrumb\":{\"@id\":\"https:\\\/\\\/www.sygnaturediscovery.com\\\/fr\\\/pharmacologie-in-vivo-modulaire\\\/#breadcrumb\"},\"inLanguage\":\"fr-CA\",\"potentialAction\":[{\"@type\":\"ReadAction\",\"target\":[\"https:\\\/\\\/www.sygnaturediscovery.com\\\/fr\\\/pharmacologie-in-vivo-modulaire\\\/\"]}]},{\"@type\":\"BreadcrumbList\",\"@id\":\"https:\\\/\\\/www.sygnaturediscovery.com\\\/fr\\\/pharmacologie-in-vivo-modulaire\\\/#breadcrumb\",\"itemListElement\":[{\"@type\":\"ListItem\",\"position\":1,\"name\":\"Home\",\"item\":\"https:\\\/\\\/www.sygnaturediscovery.com\\\/fr\\\/page-daccueil\\\/\"},{\"@type\":\"ListItem\",\"position\":2,\"name\":\"Pharmacologie in vivo [Modulaire]\"}]},{\"@type\":\"WebSite\",\"@id\":\"https:\\\/\\\/www.sygnaturediscovery.com\\\/fr\\\/#website\",\"url\":\"https:\\\/\\\/www.sygnaturediscovery.com\\\/fr\\\/\",\"name\":\"Sygnature Discovery\",\"description\":\"\",\"publisher\":{\"@id\":\"https:\\\/\\\/www.sygnaturediscovery.com\\\/fr\\\/#organization\"},\"alternateName\":\"Sygnature\",\"potentialAction\":[{\"@type\":\"SearchAction\",\"target\":{\"@type\":\"EntryPoint\",\"urlTemplate\":\"https:\\\/\\\/www.sygnaturediscovery.com\\\/fr\\\/?s={search_term_string}\"},\"query-input\":{\"@type\":\"PropertyValueSpecification\",\"valueRequired\":true,\"valueName\":\"search_term_string\"}}],\"inLanguage\":\"fr-CA\"},{\"@type\":\"Organization\",\"@id\":\"https:\\\/\\\/www.sygnaturediscovery.com\\\/fr\\\/#organization\",\"name\":\"Sygnature Discovery\",\"url\":\"https:\\\/\\\/www.sygnaturediscovery.com\\\/fr\\\/\",\"logo\":{\"@type\":\"ImageObject\",\"inLanguage\":\"fr-CA\",\"@id\":\"https:\\\/\\\/www.sygnaturediscovery.com\\\/fr\\\/#\\\/schema\\\/logo\\\/image\\\/\",\"url\":\"https:\\\/\\\/www.sygnaturediscovery.com\\\/wp-content\\\/uploads\\\/2025\\\/11\\\/Logo.svg\",\"contentUrl\":\"https:\\\/\\\/www.sygnaturediscovery.com\\\/wp-content\\\/uploads\\\/2025\\\/11\\\/Logo.svg\",\"width\":1,\"height\":1,\"caption\":\"Sygnature Discovery\"},\"image\":{\"@id\":\"https:\\\/\\\/www.sygnaturediscovery.com\\\/fr\\\/#\\\/schema\\\/logo\\\/image\\\/\"}}]}<\/script>\n<!-- \/ Yoast SEO plugin. -->","yoast_head_json":{"title":"Pharmacologie in vivo [Modulaire] - Sygnature","robots":{"index":"index","follow":"follow","max-snippet":"max-snippet:-1","max-image-preview":"max-image-preview:large","max-video-preview":"max-video-preview:-1"},"canonical":"https:\/\/www.sygnaturediscovery.com\/fr\/pharmacologie-in-vivo-modulaire\/","og_locale":"fr_CA","og_type":"article","og_title":"Pharmacologie in vivo [Modulaire] - Sygnature","og_url":"https:\/\/www.sygnaturediscovery.com\/fr\/pharmacologie-in-vivo-modulaire\/","og_site_name":"Sygnature","article_modified_time":"2026-01-27T15:11:04+00:00","og_image":[{"width":2560,"height":1707,"url":"https:\/\/www.sygnaturediscovery.com\/wp-content\/uploads\/2026\/02\/sygnature-hit-to-lead-team-collaboration-scaled.webp","type":"image\/webp"}],"twitter_card":"summary_large_image","twitter_misc":{"Estimation du temps de lecture":"1 minute"},"schema":{"@context":"https:\/\/schema.org","@graph":[{"@type":"WebPage","@id":"https:\/\/www.sygnaturediscovery.com\/fr\/pharmacologie-in-vivo-modulaire\/","url":"https:\/\/www.sygnaturediscovery.com\/fr\/pharmacologie-in-vivo-modulaire\/","name":"Pharmacologie in vivo [Modulaire] - Sygnature","isPartOf":{"@id":"https:\/\/www.sygnaturediscovery.com\/fr\/#website"},"datePublished":"2025-12-10T11:27:52+00:00","dateModified":"2026-01-27T15:11:04+00:00","breadcrumb":{"@id":"https:\/\/www.sygnaturediscovery.com\/fr\/pharmacologie-in-vivo-modulaire\/#breadcrumb"},"inLanguage":"fr-CA","potentialAction":[{"@type":"ReadAction","target":["https:\/\/www.sygnaturediscovery.com\/fr\/pharmacologie-in-vivo-modulaire\/"]}]},{"@type":"BreadcrumbList","@id":"https:\/\/www.sygnaturediscovery.com\/fr\/pharmacologie-in-vivo-modulaire\/#breadcrumb","itemListElement":[{"@type":"ListItem","position":1,"name":"Home","item":"https:\/\/www.sygnaturediscovery.com\/fr\/page-daccueil\/"},{"@type":"ListItem","position":2,"name":"Pharmacologie in vivo [Modulaire]"}]},{"@type":"WebSite","@id":"https:\/\/www.sygnaturediscovery.com\/fr\/#website","url":"https:\/\/www.sygnaturediscovery.com\/fr\/","name":"Sygnature Discovery","description":"","publisher":{"@id":"https:\/\/www.sygnaturediscovery.com\/fr\/#organization"},"alternateName":"Sygnature","potentialAction":[{"@type":"SearchAction","target":{"@type":"EntryPoint","urlTemplate":"https:\/\/www.sygnaturediscovery.com\/fr\/?s={search_term_string}"},"query-input":{"@type":"PropertyValueSpecification","valueRequired":true,"valueName":"search_term_string"}}],"inLanguage":"fr-CA"},{"@type":"Organization","@id":"https:\/\/www.sygnaturediscovery.com\/fr\/#organization","name":"Sygnature Discovery","url":"https:\/\/www.sygnaturediscovery.com\/fr\/","logo":{"@type":"ImageObject","inLanguage":"fr-CA","@id":"https:\/\/www.sygnaturediscovery.com\/fr\/#\/schema\/logo\/image\/","url":"https:\/\/www.sygnaturediscovery.com\/wp-content\/uploads\/2025\/11\/Logo.svg","contentUrl":"https:\/\/www.sygnaturediscovery.com\/wp-content\/uploads\/2025\/11\/Logo.svg","width":1,"height":1,"caption":"Sygnature Discovery"},"image":{"@id":"https:\/\/www.sygnaturediscovery.com\/fr\/#\/schema\/logo\/image\/"}}]}},"_links":{"self":[{"href":"https:\/\/www.sygnaturediscovery.com\/fr\/wp-json\/wp\/v2\/pages\/13327","targetHints":{"allow":["GET"]}}],"collection":[{"href":"https:\/\/www.sygnaturediscovery.com\/fr\/wp-json\/wp\/v2\/pages"}],"about":[{"href":"https:\/\/www.sygnaturediscovery.com\/fr\/wp-json\/wp\/v2\/types\/page"}],"author":[{"embeddable":true,"href":"https:\/\/www.sygnaturediscovery.com\/fr\/wp-json\/wp\/v2\/users\/1"}],"replies":[{"embeddable":true,"href":"https:\/\/www.sygnaturediscovery.com\/fr\/wp-json\/wp\/v2\/comments?post=13327"}],"version-history":[{"count":0,"href":"https:\/\/www.sygnaturediscovery.com\/fr\/wp-json\/wp\/v2\/pages\/13327\/revisions"}],"wp:attachment":[{"href":"https:\/\/www.sygnaturediscovery.com\/fr\/wp-json\/wp\/v2\/media?parent=13327"}],"curies":[{"name":"wp","href":"https:\/\/api.w.org\/{rel}","templated":true}]}}