
{"id":13326,"date":"2025-12-10T11:25:07","date_gmt":"2025-12-10T11:25:07","guid":{"rendered":"https:\/\/www.sygnaturediscovery.com\/dmpk-modal\/"},"modified":"2026-01-27T15:11:04","modified_gmt":"2026-01-27T15:11:04","slug":"dmpk-modal","status":"publish","type":"page","link":"https:\/\/www.sygnaturediscovery.com\/fr\/dmpk-modal\/","title":{"rendered":"DMPK [Modal]"},"content":{"rendered":"<section class=\"Pegasus__Container w-full   relative h-fixed  text-content-dark mobile-stacking-standard is-layout-flow wp-block-pegasus-container-is-layout-flow has-background\" style=\" --height-fixed: 410px;   ;background-position:50% 50%;background-size:cover;background-image: url(&apos;https:\/\/www.sygnaturediscovery.com\/wp-content\/uploads\/2025\/12\/Frame-14920.webp&apos;);\" >\n\t        \n\t\n\t\t\t\t\t\t\n\t\t        \t\t\n\t\t\t\t\t\t\t\n\t\t\t<div class=\"inner relative h-full is-flex-layout flex flex-col justify-start  w-full\"><\/div>\n\t\t\n\t        <\/section>\n<section class=\"Pegasus__Container w-full   relative h-fit  text-content-dark mobile-stacking-standard is-layout-flow wp-block-pegasus-container-is-layout-flow\" style=\"  padding-top:var(--wp--preset--spacing--50);padding-bottom:var(--wp--preset--spacing--50); \" >\n\t        \n\t\n\t\t\t\t\t\t\n\t\t        \t\t\n\t\t\t\t\t\t\t\n\t\t\t<div class=\"inner relative h-full is-flex-layout flex flex-col justify-start  container\">\n\n<h3 class=\"wp-block-heading has-text-3-xl-font-size\">DMPK<\/h3>\n\n\n\n<p>Les d\u00e9fis pos\u00e9s par la pharmacocin\u00e9tique et la pharmacocin\u00e9tique (DMPK) sp\u00e9cifiques \u00e0 l&rsquo;ob\u00e9sit\u00e9 exigent un \u00e9quilibre d\u00e9licat entre efficacit\u00e9, s\u00e9curit\u00e9 et variabilit\u00e9 de la distribution du m\u00e9dicament. Nos \u00e9quipes tiennent compte des profils pharmacocin\u00e9tiques alt\u00e9r\u00e9s chez les personnes ob\u00e8ses, du risque \u00e9lev\u00e9 de polym\u00e9dication et des propri\u00e9t\u00e9s ADME complexes inh\u00e9rentes aux incr\u00e9tinomim\u00e9tiques \u00e0 petites mol\u00e9cules. Nous int\u00e9grons les donn\u00e9es ADME in vitro, la pharmacocin\u00e9tique in vivo, le m\u00e9tabolisme m\u00e9canistique, le profilage des transporteurs, la bioanalyse et la mod\u00e9lisation PK\/PD afin d&rsquo;orienter le choix de la dose et de r\u00e9duire les risques li\u00e9s \u00e0 la progression de la maladie.  <\/p>\n\n\n\n<p>Apprenez-en davantage sur nos <a href=\"https:\/\/www.sygnaturediscovery.com\/fr\/solutions-scientifiques\/metabolisme-des-medicaments-et-pharmacocinetique-dmpk\/\">solutions DMPK<\/a> .<\/p>\n\n<\/div>\n\t\t\n\t        <\/section>\n","protected":false},"excerpt":{"rendered":"","protected":false},"author":1,"featured_media":0,"parent":0,"menu_order":0,"comment_status":"closed","ping_status":"closed","template":"","meta":{"_acf_changed":false,"footnotes":""},"class_list":["post-13326","page","type-page","status-publish","hentry"],"acf":[],"yoast_head":"<!-- This site is optimized with the Yoast SEO plugin v27.3 - https:\/\/yoast.com\/product\/yoast-seo-wordpress\/ -->\n<title>DMPK [Modal] - Sygnature<\/title>\n<meta name=\"robots\" content=\"index, follow, max-snippet:-1, max-image-preview:large, max-video-preview:-1\" \/>\n<link rel=\"canonical\" href=\"https:\/\/www.sygnaturediscovery.com\/fr\/dmpk-modal\/\" \/>\n<meta property=\"og:locale\" content=\"fr_CA\" \/>\n<meta property=\"og:type\" content=\"article\" \/>\n<meta property=\"og:title\" content=\"DMPK [Modal] - Sygnature\" \/>\n<meta property=\"og:url\" content=\"https:\/\/www.sygnaturediscovery.com\/fr\/dmpk-modal\/\" \/>\n<meta property=\"og:site_name\" content=\"Sygnature\" \/>\n<meta property=\"article:modified_time\" content=\"2026-01-27T15:11:04+00:00\" \/>\n<meta property=\"og:image\" content=\"https:\/\/www.sygnaturediscovery.com\/wp-content\/uploads\/2026\/02\/sygnature-hit-to-lead-team-collaboration-scaled.webp\" \/>\n\t<meta property=\"og:image:width\" content=\"2560\" \/>\n\t<meta property=\"og:image:height\" content=\"1707\" \/>\n\t<meta property=\"og:image:type\" content=\"image\/webp\" \/>\n<meta name=\"twitter:card\" content=\"summary_large_image\" \/>\n<meta name=\"twitter:label1\" content=\"Estimation du temps de lecture\" \/>\n\t<meta name=\"twitter:data1\" content=\"1 minute\" \/>\n<script type=\"application\/ld+json\" class=\"yoast-schema-graph\">{\"@context\":\"https:\\\/\\\/schema.org\",\"@graph\":[{\"@type\":\"WebPage\",\"@id\":\"https:\\\/\\\/www.sygnaturediscovery.com\\\/fr\\\/dmpk-modal\\\/\",\"url\":\"https:\\\/\\\/www.sygnaturediscovery.com\\\/fr\\\/dmpk-modal\\\/\",\"name\":\"DMPK [Modal] - Sygnature\",\"isPartOf\":{\"@id\":\"https:\\\/\\\/www.sygnaturediscovery.com\\\/fr\\\/#website\"},\"datePublished\":\"2025-12-10T11:25:07+00:00\",\"dateModified\":\"2026-01-27T15:11:04+00:00\",\"breadcrumb\":{\"@id\":\"https:\\\/\\\/www.sygnaturediscovery.com\\\/fr\\\/dmpk-modal\\\/#breadcrumb\"},\"inLanguage\":\"fr-CA\",\"potentialAction\":[{\"@type\":\"ReadAction\",\"target\":[\"https:\\\/\\\/www.sygnaturediscovery.com\\\/fr\\\/dmpk-modal\\\/\"]}]},{\"@type\":\"BreadcrumbList\",\"@id\":\"https:\\\/\\\/www.sygnaturediscovery.com\\\/fr\\\/dmpk-modal\\\/#breadcrumb\",\"itemListElement\":[{\"@type\":\"ListItem\",\"position\":1,\"name\":\"Home\",\"item\":\"https:\\\/\\\/www.sygnaturediscovery.com\\\/fr\\\/page-daccueil\\\/\"},{\"@type\":\"ListItem\",\"position\":2,\"name\":\"DMPK [Modal]\"}]},{\"@type\":\"WebSite\",\"@id\":\"https:\\\/\\\/www.sygnaturediscovery.com\\\/fr\\\/#website\",\"url\":\"https:\\\/\\\/www.sygnaturediscovery.com\\\/fr\\\/\",\"name\":\"Sygnature Discovery\",\"description\":\"\",\"publisher\":{\"@id\":\"https:\\\/\\\/www.sygnaturediscovery.com\\\/fr\\\/#organization\"},\"alternateName\":\"Sygnature\",\"potentialAction\":[{\"@type\":\"SearchAction\",\"target\":{\"@type\":\"EntryPoint\",\"urlTemplate\":\"https:\\\/\\\/www.sygnaturediscovery.com\\\/fr\\\/?s={search_term_string}\"},\"query-input\":{\"@type\":\"PropertyValueSpecification\",\"valueRequired\":true,\"valueName\":\"search_term_string\"}}],\"inLanguage\":\"fr-CA\"},{\"@type\":\"Organization\",\"@id\":\"https:\\\/\\\/www.sygnaturediscovery.com\\\/fr\\\/#organization\",\"name\":\"Sygnature Discovery\",\"url\":\"https:\\\/\\\/www.sygnaturediscovery.com\\\/fr\\\/\",\"logo\":{\"@type\":\"ImageObject\",\"inLanguage\":\"fr-CA\",\"@id\":\"https:\\\/\\\/www.sygnaturediscovery.com\\\/fr\\\/#\\\/schema\\\/logo\\\/image\\\/\",\"url\":\"https:\\\/\\\/www.sygnaturediscovery.com\\\/wp-content\\\/uploads\\\/2025\\\/11\\\/Logo.svg\",\"contentUrl\":\"https:\\\/\\\/www.sygnaturediscovery.com\\\/wp-content\\\/uploads\\\/2025\\\/11\\\/Logo.svg\",\"width\":1,\"height\":1,\"caption\":\"Sygnature Discovery\"},\"image\":{\"@id\":\"https:\\\/\\\/www.sygnaturediscovery.com\\\/fr\\\/#\\\/schema\\\/logo\\\/image\\\/\"}}]}<\/script>\n<!-- \/ Yoast SEO plugin. -->","yoast_head_json":{"title":"DMPK [Modal] - Sygnature","robots":{"index":"index","follow":"follow","max-snippet":"max-snippet:-1","max-image-preview":"max-image-preview:large","max-video-preview":"max-video-preview:-1"},"canonical":"https:\/\/www.sygnaturediscovery.com\/fr\/dmpk-modal\/","og_locale":"fr_CA","og_type":"article","og_title":"DMPK [Modal] - Sygnature","og_url":"https:\/\/www.sygnaturediscovery.com\/fr\/dmpk-modal\/","og_site_name":"Sygnature","article_modified_time":"2026-01-27T15:11:04+00:00","og_image":[{"width":2560,"height":1707,"url":"https:\/\/www.sygnaturediscovery.com\/wp-content\/uploads\/2026\/02\/sygnature-hit-to-lead-team-collaboration-scaled.webp","type":"image\/webp"}],"twitter_card":"summary_large_image","twitter_misc":{"Estimation du temps de lecture":"1 minute"},"schema":{"@context":"https:\/\/schema.org","@graph":[{"@type":"WebPage","@id":"https:\/\/www.sygnaturediscovery.com\/fr\/dmpk-modal\/","url":"https:\/\/www.sygnaturediscovery.com\/fr\/dmpk-modal\/","name":"DMPK [Modal] - Sygnature","isPartOf":{"@id":"https:\/\/www.sygnaturediscovery.com\/fr\/#website"},"datePublished":"2025-12-10T11:25:07+00:00","dateModified":"2026-01-27T15:11:04+00:00","breadcrumb":{"@id":"https:\/\/www.sygnaturediscovery.com\/fr\/dmpk-modal\/#breadcrumb"},"inLanguage":"fr-CA","potentialAction":[{"@type":"ReadAction","target":["https:\/\/www.sygnaturediscovery.com\/fr\/dmpk-modal\/"]}]},{"@type":"BreadcrumbList","@id":"https:\/\/www.sygnaturediscovery.com\/fr\/dmpk-modal\/#breadcrumb","itemListElement":[{"@type":"ListItem","position":1,"name":"Home","item":"https:\/\/www.sygnaturediscovery.com\/fr\/page-daccueil\/"},{"@type":"ListItem","position":2,"name":"DMPK [Modal]"}]},{"@type":"WebSite","@id":"https:\/\/www.sygnaturediscovery.com\/fr\/#website","url":"https:\/\/www.sygnaturediscovery.com\/fr\/","name":"Sygnature Discovery","description":"","publisher":{"@id":"https:\/\/www.sygnaturediscovery.com\/fr\/#organization"},"alternateName":"Sygnature","potentialAction":[{"@type":"SearchAction","target":{"@type":"EntryPoint","urlTemplate":"https:\/\/www.sygnaturediscovery.com\/fr\/?s={search_term_string}"},"query-input":{"@type":"PropertyValueSpecification","valueRequired":true,"valueName":"search_term_string"}}],"inLanguage":"fr-CA"},{"@type":"Organization","@id":"https:\/\/www.sygnaturediscovery.com\/fr\/#organization","name":"Sygnature Discovery","url":"https:\/\/www.sygnaturediscovery.com\/fr\/","logo":{"@type":"ImageObject","inLanguage":"fr-CA","@id":"https:\/\/www.sygnaturediscovery.com\/fr\/#\/schema\/logo\/image\/","url":"https:\/\/www.sygnaturediscovery.com\/wp-content\/uploads\/2025\/11\/Logo.svg","contentUrl":"https:\/\/www.sygnaturediscovery.com\/wp-content\/uploads\/2025\/11\/Logo.svg","width":1,"height":1,"caption":"Sygnature Discovery"},"image":{"@id":"https:\/\/www.sygnaturediscovery.com\/fr\/#\/schema\/logo\/image\/"}}]}},"_links":{"self":[{"href":"https:\/\/www.sygnaturediscovery.com\/fr\/wp-json\/wp\/v2\/pages\/13326","targetHints":{"allow":["GET"]}}],"collection":[{"href":"https:\/\/www.sygnaturediscovery.com\/fr\/wp-json\/wp\/v2\/pages"}],"about":[{"href":"https:\/\/www.sygnaturediscovery.com\/fr\/wp-json\/wp\/v2\/types\/page"}],"author":[{"embeddable":true,"href":"https:\/\/www.sygnaturediscovery.com\/fr\/wp-json\/wp\/v2\/users\/1"}],"replies":[{"embeddable":true,"href":"https:\/\/www.sygnaturediscovery.com\/fr\/wp-json\/wp\/v2\/comments?post=13326"}],"version-history":[{"count":0,"href":"https:\/\/www.sygnaturediscovery.com\/fr\/wp-json\/wp\/v2\/pages\/13326\/revisions"}],"wp:attachment":[{"href":"https:\/\/www.sygnaturediscovery.com\/fr\/wp-json\/wp\/v2\/media?parent=13326"}],"curies":[{"name":"wp","href":"https:\/\/api.w.org\/{rel}","templated":true}]}}