
{"id":13325,"date":"2025-12-10T11:13:50","date_gmt":"2025-12-10T11:13:50","guid":{"rendered":"https:\/\/www.sygnaturediscovery.com\/identification-des-impacts-modal\/"},"modified":"2026-01-27T15:11:04","modified_gmt":"2026-01-27T15:11:04","slug":"identification-des-impacts-modal","status":"publish","type":"page","link":"https:\/\/www.sygnaturediscovery.com\/fr\/identification-des-impacts-modal\/","title":{"rendered":"Identification des impacts [Modal]"},"content":{"rendered":"<section class=\"Pegasus__Container w-full   relative h-fixed  text-content-dark mobile-stacking-standard is-layout-flow wp-block-pegasus-container-is-layout-flow has-background\" style=\" --height-fixed: 410px;   ;background-position:50% 50%;background-size:cover;background-image: url(&apos;https:\/\/www.sygnaturediscovery.com\/wp-content\/uploads\/2025\/12\/Frame-14920.webp&apos;);\" >\n\t        \n\t\n\t\t\t\t\t\t\n\t\t        \t\t\n\t\t\t\t\t\t\t\n\t\t\t<div class=\"inner relative h-full is-flex-layout flex flex-col justify-start  w-full\"><\/div>\n\t\t\n\t        <\/section>\n<section class=\"Pegasus__Container w-full   relative h-fit  text-content-dark mobile-stacking-standard is-layout-flow wp-block-pegasus-container-is-layout-flow\" style=\"  padding-top:var(--wp--preset--spacing--50);padding-bottom:var(--wp--preset--spacing--50); \" >\n\t        \n\t\n\t\t\t\t\t\t\n\t\t        \t\t\n\t\t\t\t\t\t\t\n\t\t\t<div class=\"inner relative h-full is-flex-layout flex flex-col justify-start  container\">\n\n<h3 class=\"wp-block-heading has-text-3-xl-font-size\">Identification des impacts<\/h3>\n\n\n\n<p>Les r\u00e9cepteurs m\u00e9taboliques membranaires figurent parmi les cibles les plus difficiles \u00e0 cribler\u00a0: les taux de d\u00e9tection sont faibles, les faux positifs fr\u00e9quents et la confirmation de l\u2019activit\u00e9 sur la cible complexe. Notre plateforme HIT SYNERGY int\u00e8gre\u00a0: <\/p>\n\n\n\n<ul class=\"wp-block-list\">\n<li>Projection virtuelle compos\u00e9e de plusieurs milliards en 2D et 3D<\/li>\n\n\n\n<li>Biblioth\u00e8ques de petites mol\u00e9cules chimiquement diversifi\u00e9es<\/li>\n\n\n\n<li>Remplacement de fragments et saut d&rsquo;\u00e9chafaudage<\/li>\n\n\n\n<li>Criblage ultra-HTS et bas\u00e9 sur les ligands<\/li>\n<\/ul>\n\n\n\n<p>Cette approche combin\u00e9e acc\u00e9l\u00e8re la g\u00e9n\u00e9ration de cibles, renforce la confiance dans la pertinence m\u00e9canistique et fournit des points de d\u00e9part prometteurs pour le d\u00e9veloppement de m\u00e9dicaments ciblant des RCPG m\u00e9taboliques complexes. Apprenez-en davantage sur notre <a href=\"https:\/\/www.sygnaturediscovery.com\/fr\/decouverte-integree-de-medicaments\/identification-des-impacts\/\">plateforme HIT SYNERGY<\/a> . <\/p>\n\n<\/div>\n\t\t\n\t        <\/section>\n","protected":false},"excerpt":{"rendered":"","protected":false},"author":1,"featured_media":0,"parent":0,"menu_order":0,"comment_status":"closed","ping_status":"closed","template":"","meta":{"_acf_changed":false,"footnotes":""},"class_list":["post-13325","page","type-page","status-publish","hentry"],"acf":[],"yoast_head":"<!-- This site is optimized with the Yoast SEO plugin v27.5 - https:\/\/yoast.com\/product\/yoast-seo-wordpress\/ -->\n<title>Identification des impacts [Modal] - Sygnature<\/title>\n<meta name=\"robots\" content=\"index, follow, max-snippet:-1, max-image-preview:large, max-video-preview:-1\" \/>\n<link rel=\"canonical\" href=\"https:\/\/www.sygnaturediscovery.com\/fr\/identification-des-impacts-modal\/\" \/>\n<meta property=\"og:locale\" content=\"fr_CA\" \/>\n<meta property=\"og:type\" content=\"article\" \/>\n<meta property=\"og:title\" content=\"Identification des impacts [Modal] - Sygnature\" \/>\n<meta property=\"og:url\" content=\"https:\/\/www.sygnaturediscovery.com\/fr\/identification-des-impacts-modal\/\" \/>\n<meta property=\"og:site_name\" content=\"Sygnature\" \/>\n<meta property=\"article:modified_time\" content=\"2026-01-27T15:11:04+00:00\" \/>\n<meta property=\"og:image\" content=\"https:\/\/www.sygnaturediscovery.com\/wp-content\/uploads\/2026\/02\/sygnature-hit-to-lead-team-collaboration-scaled.webp\" \/>\n\t<meta property=\"og:image:width\" content=\"2560\" \/>\n\t<meta property=\"og:image:height\" content=\"1707\" \/>\n\t<meta property=\"og:image:type\" content=\"image\/webp\" \/>\n<meta name=\"twitter:card\" content=\"summary_large_image\" \/>\n<meta name=\"twitter:label1\" content=\"Estimation du temps de lecture\" \/>\n\t<meta name=\"twitter:data1\" content=\"1 minute\" \/>\n<script type=\"application\/ld+json\" class=\"yoast-schema-graph\">{\"@context\":\"https:\\\/\\\/schema.org\",\"@graph\":[{\"@type\":\"WebPage\",\"@id\":\"https:\\\/\\\/www.sygnaturediscovery.com\\\/fr\\\/identification-des-impacts-modal\\\/\",\"url\":\"https:\\\/\\\/www.sygnaturediscovery.com\\\/fr\\\/identification-des-impacts-modal\\\/\",\"name\":\"Identification des impacts [Modal] - Sygnature\",\"isPartOf\":{\"@id\":\"https:\\\/\\\/www.sygnaturediscovery.com\\\/fr\\\/#website\"},\"datePublished\":\"2025-12-10T11:13:50+00:00\",\"dateModified\":\"2026-01-27T15:11:04+00:00\",\"breadcrumb\":{\"@id\":\"https:\\\/\\\/www.sygnaturediscovery.com\\\/fr\\\/identification-des-impacts-modal\\\/#breadcrumb\"},\"inLanguage\":\"fr-CA\",\"potentialAction\":[{\"@type\":\"ReadAction\",\"target\":[\"https:\\\/\\\/www.sygnaturediscovery.com\\\/fr\\\/identification-des-impacts-modal\\\/\"]}]},{\"@type\":\"BreadcrumbList\",\"@id\":\"https:\\\/\\\/www.sygnaturediscovery.com\\\/fr\\\/identification-des-impacts-modal\\\/#breadcrumb\",\"itemListElement\":[{\"@type\":\"ListItem\",\"position\":1,\"name\":\"Home\",\"item\":\"https:\\\/\\\/www.sygnaturediscovery.com\\\/fr\\\/page-daccueil\\\/\"},{\"@type\":\"ListItem\",\"position\":2,\"name\":\"Identification des impacts [Modal]\"}]},{\"@type\":\"WebSite\",\"@id\":\"https:\\\/\\\/www.sygnaturediscovery.com\\\/fr\\\/#website\",\"url\":\"https:\\\/\\\/www.sygnaturediscovery.com\\\/fr\\\/\",\"name\":\"Sygnature Discovery\",\"description\":\"\",\"publisher\":{\"@id\":\"https:\\\/\\\/www.sygnaturediscovery.com\\\/fr\\\/#organization\"},\"alternateName\":\"Sygnature\",\"potentialAction\":[{\"@type\":\"SearchAction\",\"target\":{\"@type\":\"EntryPoint\",\"urlTemplate\":\"https:\\\/\\\/www.sygnaturediscovery.com\\\/fr\\\/?s={search_term_string}\"},\"query-input\":{\"@type\":\"PropertyValueSpecification\",\"valueRequired\":true,\"valueName\":\"search_term_string\"}}],\"inLanguage\":\"fr-CA\"},{\"@type\":\"Organization\",\"@id\":\"https:\\\/\\\/www.sygnaturediscovery.com\\\/fr\\\/#organization\",\"name\":\"Sygnature\",\"url\":\"https:\\\/\\\/www.sygnaturediscovery.com\\\/fr\\\/\",\"logo\":{\"@type\":\"ImageObject\",\"inLanguage\":\"fr-CA\",\"@id\":\"https:\\\/\\\/www.sygnaturediscovery.com\\\/fr\\\/#\\\/schema\\\/logo\\\/image\\\/\",\"url\":\"https:\\\/\\\/www.sygnaturediscovery.com\\\/wp-content\\\/uploads\\\/2025\\\/11\\\/Logo.svg\",\"contentUrl\":\"https:\\\/\\\/www.sygnaturediscovery.com\\\/wp-content\\\/uploads\\\/2025\\\/11\\\/Logo.svg\",\"width\":1,\"height\":1,\"caption\":\"Sygnature\"},\"image\":{\"@id\":\"https:\\\/\\\/www.sygnaturediscovery.com\\\/fr\\\/#\\\/schema\\\/logo\\\/image\\\/\"}}]}<\/script>\n<!-- \/ Yoast SEO plugin. -->","yoast_head_json":{"title":"Identification des impacts [Modal] - Sygnature","robots":{"index":"index","follow":"follow","max-snippet":"max-snippet:-1","max-image-preview":"max-image-preview:large","max-video-preview":"max-video-preview:-1"},"canonical":"https:\/\/www.sygnaturediscovery.com\/fr\/identification-des-impacts-modal\/","og_locale":"fr_CA","og_type":"article","og_title":"Identification des impacts [Modal] - Sygnature","og_url":"https:\/\/www.sygnaturediscovery.com\/fr\/identification-des-impacts-modal\/","og_site_name":"Sygnature","article_modified_time":"2026-01-27T15:11:04+00:00","og_image":[{"width":2560,"height":1707,"url":"https:\/\/www.sygnaturediscovery.com\/wp-content\/uploads\/2026\/02\/sygnature-hit-to-lead-team-collaboration-scaled.webp","type":"image\/webp"}],"twitter_card":"summary_large_image","twitter_misc":{"Estimation du temps de lecture":"1 minute"},"schema":{"@context":"https:\/\/schema.org","@graph":[{"@type":"WebPage","@id":"https:\/\/www.sygnaturediscovery.com\/fr\/identification-des-impacts-modal\/","url":"https:\/\/www.sygnaturediscovery.com\/fr\/identification-des-impacts-modal\/","name":"Identification des impacts [Modal] - Sygnature","isPartOf":{"@id":"https:\/\/www.sygnaturediscovery.com\/fr\/#website"},"datePublished":"2025-12-10T11:13:50+00:00","dateModified":"2026-01-27T15:11:04+00:00","breadcrumb":{"@id":"https:\/\/www.sygnaturediscovery.com\/fr\/identification-des-impacts-modal\/#breadcrumb"},"inLanguage":"fr-CA","potentialAction":[{"@type":"ReadAction","target":["https:\/\/www.sygnaturediscovery.com\/fr\/identification-des-impacts-modal\/"]}]},{"@type":"BreadcrumbList","@id":"https:\/\/www.sygnaturediscovery.com\/fr\/identification-des-impacts-modal\/#breadcrumb","itemListElement":[{"@type":"ListItem","position":1,"name":"Home","item":"https:\/\/www.sygnaturediscovery.com\/fr\/page-daccueil\/"},{"@type":"ListItem","position":2,"name":"Identification des impacts [Modal]"}]},{"@type":"WebSite","@id":"https:\/\/www.sygnaturediscovery.com\/fr\/#website","url":"https:\/\/www.sygnaturediscovery.com\/fr\/","name":"Sygnature Discovery","description":"","publisher":{"@id":"https:\/\/www.sygnaturediscovery.com\/fr\/#organization"},"alternateName":"Sygnature","potentialAction":[{"@type":"SearchAction","target":{"@type":"EntryPoint","urlTemplate":"https:\/\/www.sygnaturediscovery.com\/fr\/?s={search_term_string}"},"query-input":{"@type":"PropertyValueSpecification","valueRequired":true,"valueName":"search_term_string"}}],"inLanguage":"fr-CA"},{"@type":"Organization","@id":"https:\/\/www.sygnaturediscovery.com\/fr\/#organization","name":"Sygnature","url":"https:\/\/www.sygnaturediscovery.com\/fr\/","logo":{"@type":"ImageObject","inLanguage":"fr-CA","@id":"https:\/\/www.sygnaturediscovery.com\/fr\/#\/schema\/logo\/image\/","url":"https:\/\/www.sygnaturediscovery.com\/wp-content\/uploads\/2025\/11\/Logo.svg","contentUrl":"https:\/\/www.sygnaturediscovery.com\/wp-content\/uploads\/2025\/11\/Logo.svg","width":1,"height":1,"caption":"Sygnature"},"image":{"@id":"https:\/\/www.sygnaturediscovery.com\/fr\/#\/schema\/logo\/image\/"}}]}},"_links":{"self":[{"href":"https:\/\/www.sygnaturediscovery.com\/fr\/wp-json\/wp\/v2\/pages\/13325","targetHints":{"allow":["GET"]}}],"collection":[{"href":"https:\/\/www.sygnaturediscovery.com\/fr\/wp-json\/wp\/v2\/pages"}],"about":[{"href":"https:\/\/www.sygnaturediscovery.com\/fr\/wp-json\/wp\/v2\/types\/page"}],"author":[{"embeddable":true,"href":"https:\/\/www.sygnaturediscovery.com\/fr\/wp-json\/wp\/v2\/users\/1"}],"replies":[{"embeddable":true,"href":"https:\/\/www.sygnaturediscovery.com\/fr\/wp-json\/wp\/v2\/comments?post=13325"}],"version-history":[{"count":0,"href":"https:\/\/www.sygnaturediscovery.com\/fr\/wp-json\/wp\/v2\/pages\/13325\/revisions"}],"wp:attachment":[{"href":"https:\/\/www.sygnaturediscovery.com\/fr\/wp-json\/wp\/v2\/media?parent=13325"}],"curies":[{"name":"wp","href":"https:\/\/api.w.org\/{rel}","templated":true}]}}