
{"id":13322,"date":"2025-12-10T11:00:31","date_gmt":"2025-12-10T11:00:31","guid":{"rendered":"https:\/\/www.sygnaturediscovery.com\/generation-de-lignees-cellulaires-et-tests-cellulaires-modal\/"},"modified":"2026-01-27T15:11:04","modified_gmt":"2026-01-27T15:11:04","slug":"generation-de-lignees-cellulaires-et-tests-cellulaires-modal","status":"publish","type":"page","link":"https:\/\/www.sygnaturediscovery.com\/fr\/generation-de-lignees-cellulaires-et-tests-cellulaires-modal\/","title":{"rendered":"G\u00e9n\u00e9ration de lign\u00e9es cellulaires et tests cellulaires [Modal]"},"content":{"rendered":"<section class=\"Pegasus__Container w-full   relative h-fixed  text-content-dark mobile-stacking-standard is-layout-flow wp-block-pegasus-container-is-layout-flow has-background\" style=\" --height-fixed: 410px;   ;background-position:50% 50%;background-size:cover;background-image: url(&apos;https:\/\/www.sygnaturediscovery.com\/wp-content\/uploads\/2025\/12\/Frame-14920.webp&apos;);\" >\n\t        \n\t\n\t\t\t\t\t\t\n\t\t        \t\t\n\t\t\t\t\t\t\t\n\t\t\t<div class=\"inner relative h-full is-flex-layout flex flex-col justify-start  w-full\"><\/div>\n\t\t\n\t        <\/section>\n<section class=\"Pegasus__Container w-full   relative h-fit  text-content-dark mobile-stacking-standard is-layout-flow wp-block-pegasus-container-is-layout-flow\" style=\"  padding-top:var(--wp--preset--spacing--50);padding-bottom:var(--wp--preset--spacing--50); \" >\n\t        \n\t\n\t\t\t\t\t\t\n\t\t        \t\t\n\t\t\t\t\t\t\t\n\t\t\t<div class=\"inner relative h-full is-flex-layout flex flex-col justify-start  container\">\n\n<h3 class=\"wp-block-heading has-text-3-xl-font-size\">G\u00e9n\u00e9ration de lign\u00e9es cellulaires et essais cellulaires<\/h3>\n\n\n\n<p>La conception d&rsquo;une lign\u00e9e cellulaire adapt\u00e9e est essentielle \u00e0 la r\u00e9ussite de la d\u00e9couverte de m\u00e9dicaments m\u00e9taboliques. Notre \u00e9quipe de pharmacologie cellulaire d\u00e9veloppe des syst\u00e8mes d&rsquo;expression stables et bien caract\u00e9ris\u00e9s, garantissant que les cibles membranaires se trouvent dans leur environnement natif, permettant ainsi une activit\u00e9 r\u00e9ceptrice optimale. Ces outils permettent de r\u00e9aliser des analyses robustes de l&rsquo;interaction avec la cible et de l&rsquo;\u00e9tude des voies de signalisation, notamment le couplage aux prot\u00e9ines G, la liaison, la signalisation et l&rsquo;internalisation des r\u00e9cepteurs. D\u00e9couvrez notre <a href=\"https:\/\/www.sygnaturediscovery.com\/fr\/biosciences\/generation-de-lignees-cellulaires\/\">processus de g\u00e9n\u00e9ration de lign\u00e9es cellulaires<\/a> .   <\/p>\n\n\n\n<p>Gr\u00e2ce \u00e0 notre vaste expertise en RCPG et \u00e0 nos outils valid\u00e9s pour les principaux RCPG m\u00e9taboliques tels que GLP-1R, GIPR, GCGR et GPR75, nous proposons des syst\u00e8mes pr\u00eats \u00e0 l&#8217;emploi ou d\u00e9veloppons des tests sur mesure adapt\u00e9s \u00e0 vos besoins en biologie et en criblage. En savoir plus sur nos <a href=\"https:\/\/www.sygnaturediscovery.com\/fr\/classes-cibles\/recepteurs-couples-a-la-proteine-g\/\">tests RCPG<\/a> . <\/p>\n\n<\/div>\n\t\t\n\t        <\/section>\n","protected":false},"excerpt":{"rendered":"","protected":false},"author":1,"featured_media":0,"parent":0,"menu_order":0,"comment_status":"closed","ping_status":"closed","template":"","meta":{"_acf_changed":false,"footnotes":""},"class_list":["post-13322","page","type-page","status-publish","hentry"],"acf":[],"yoast_head":"<!-- This site is optimized with the Yoast SEO plugin v27.5 - https:\/\/yoast.com\/product\/yoast-seo-wordpress\/ -->\n<title>G\u00e9n\u00e9ration de lign\u00e9es cellulaires et tests cellulaires [Modal] - Sygnature<\/title>\n<meta name=\"robots\" content=\"index, follow, max-snippet:-1, max-image-preview:large, max-video-preview:-1\" \/>\n<link rel=\"canonical\" href=\"https:\/\/www.sygnaturediscovery.com\/fr\/generation-de-lignees-cellulaires-et-tests-cellulaires-modal\/\" \/>\n<meta property=\"og:locale\" content=\"fr_CA\" \/>\n<meta property=\"og:type\" content=\"article\" \/>\n<meta property=\"og:title\" content=\"G\u00e9n\u00e9ration de lign\u00e9es cellulaires et tests cellulaires [Modal] - Sygnature\" \/>\n<meta property=\"og:url\" content=\"https:\/\/www.sygnaturediscovery.com\/fr\/generation-de-lignees-cellulaires-et-tests-cellulaires-modal\/\" \/>\n<meta property=\"og:site_name\" content=\"Sygnature\" \/>\n<meta property=\"article:modified_time\" content=\"2026-01-27T15:11:04+00:00\" \/>\n<meta property=\"og:image\" content=\"https:\/\/www.sygnaturediscovery.com\/wp-content\/uploads\/2026\/02\/sygnature-hit-to-lead-team-collaboration-scaled.webp\" \/>\n\t<meta property=\"og:image:width\" content=\"2560\" \/>\n\t<meta property=\"og:image:height\" content=\"1707\" \/>\n\t<meta property=\"og:image:type\" content=\"image\/webp\" \/>\n<meta name=\"twitter:card\" content=\"summary_large_image\" \/>\n<meta name=\"twitter:label1\" content=\"Estimation du temps de lecture\" \/>\n\t<meta name=\"twitter:data1\" content=\"1 minute\" \/>\n<script type=\"application\/ld+json\" class=\"yoast-schema-graph\">{\"@context\":\"https:\\\/\\\/schema.org\",\"@graph\":[{\"@type\":\"WebPage\",\"@id\":\"https:\\\/\\\/www.sygnaturediscovery.com\\\/fr\\\/generation-de-lignees-cellulaires-et-tests-cellulaires-modal\\\/\",\"url\":\"https:\\\/\\\/www.sygnaturediscovery.com\\\/fr\\\/generation-de-lignees-cellulaires-et-tests-cellulaires-modal\\\/\",\"name\":\"G\u00e9n\u00e9ration de lign\u00e9es cellulaires et tests cellulaires [Modal] - Sygnature\",\"isPartOf\":{\"@id\":\"https:\\\/\\\/www.sygnaturediscovery.com\\\/fr\\\/#website\"},\"datePublished\":\"2025-12-10T11:00:31+00:00\",\"dateModified\":\"2026-01-27T15:11:04+00:00\",\"breadcrumb\":{\"@id\":\"https:\\\/\\\/www.sygnaturediscovery.com\\\/fr\\\/generation-de-lignees-cellulaires-et-tests-cellulaires-modal\\\/#breadcrumb\"},\"inLanguage\":\"fr-CA\",\"potentialAction\":[{\"@type\":\"ReadAction\",\"target\":[\"https:\\\/\\\/www.sygnaturediscovery.com\\\/fr\\\/generation-de-lignees-cellulaires-et-tests-cellulaires-modal\\\/\"]}]},{\"@type\":\"BreadcrumbList\",\"@id\":\"https:\\\/\\\/www.sygnaturediscovery.com\\\/fr\\\/generation-de-lignees-cellulaires-et-tests-cellulaires-modal\\\/#breadcrumb\",\"itemListElement\":[{\"@type\":\"ListItem\",\"position\":1,\"name\":\"Home\",\"item\":\"https:\\\/\\\/www.sygnaturediscovery.com\\\/fr\\\/page-daccueil\\\/\"},{\"@type\":\"ListItem\",\"position\":2,\"name\":\"G\u00e9n\u00e9ration de lign\u00e9es cellulaires et tests cellulaires [Modal]\"}]},{\"@type\":\"WebSite\",\"@id\":\"https:\\\/\\\/www.sygnaturediscovery.com\\\/fr\\\/#website\",\"url\":\"https:\\\/\\\/www.sygnaturediscovery.com\\\/fr\\\/\",\"name\":\"Sygnature Discovery\",\"description\":\"\",\"publisher\":{\"@id\":\"https:\\\/\\\/www.sygnaturediscovery.com\\\/fr\\\/#organization\"},\"alternateName\":\"Sygnature\",\"potentialAction\":[{\"@type\":\"SearchAction\",\"target\":{\"@type\":\"EntryPoint\",\"urlTemplate\":\"https:\\\/\\\/www.sygnaturediscovery.com\\\/fr\\\/?s={search_term_string}\"},\"query-input\":{\"@type\":\"PropertyValueSpecification\",\"valueRequired\":true,\"valueName\":\"search_term_string\"}}],\"inLanguage\":\"fr-CA\"},{\"@type\":\"Organization\",\"@id\":\"https:\\\/\\\/www.sygnaturediscovery.com\\\/fr\\\/#organization\",\"name\":\"Sygnature\",\"url\":\"https:\\\/\\\/www.sygnaturediscovery.com\\\/fr\\\/\",\"logo\":{\"@type\":\"ImageObject\",\"inLanguage\":\"fr-CA\",\"@id\":\"https:\\\/\\\/www.sygnaturediscovery.com\\\/fr\\\/#\\\/schema\\\/logo\\\/image\\\/\",\"url\":\"https:\\\/\\\/www.sygnaturediscovery.com\\\/wp-content\\\/uploads\\\/2025\\\/11\\\/Logo.svg\",\"contentUrl\":\"https:\\\/\\\/www.sygnaturediscovery.com\\\/wp-content\\\/uploads\\\/2025\\\/11\\\/Logo.svg\",\"width\":1,\"height\":1,\"caption\":\"Sygnature\"},\"image\":{\"@id\":\"https:\\\/\\\/www.sygnaturediscovery.com\\\/fr\\\/#\\\/schema\\\/logo\\\/image\\\/\"}}]}<\/script>\n<!-- \/ Yoast SEO plugin. -->","yoast_head_json":{"title":"G\u00e9n\u00e9ration de lign\u00e9es cellulaires et tests cellulaires [Modal] - Sygnature","robots":{"index":"index","follow":"follow","max-snippet":"max-snippet:-1","max-image-preview":"max-image-preview:large","max-video-preview":"max-video-preview:-1"},"canonical":"https:\/\/www.sygnaturediscovery.com\/fr\/generation-de-lignees-cellulaires-et-tests-cellulaires-modal\/","og_locale":"fr_CA","og_type":"article","og_title":"G\u00e9n\u00e9ration de lign\u00e9es cellulaires et tests cellulaires [Modal] - Sygnature","og_url":"https:\/\/www.sygnaturediscovery.com\/fr\/generation-de-lignees-cellulaires-et-tests-cellulaires-modal\/","og_site_name":"Sygnature","article_modified_time":"2026-01-27T15:11:04+00:00","og_image":[{"width":2560,"height":1707,"url":"https:\/\/www.sygnaturediscovery.com\/wp-content\/uploads\/2026\/02\/sygnature-hit-to-lead-team-collaboration-scaled.webp","type":"image\/webp"}],"twitter_card":"summary_large_image","twitter_misc":{"Estimation du temps de lecture":"1 minute"},"schema":{"@context":"https:\/\/schema.org","@graph":[{"@type":"WebPage","@id":"https:\/\/www.sygnaturediscovery.com\/fr\/generation-de-lignees-cellulaires-et-tests-cellulaires-modal\/","url":"https:\/\/www.sygnaturediscovery.com\/fr\/generation-de-lignees-cellulaires-et-tests-cellulaires-modal\/","name":"G\u00e9n\u00e9ration de lign\u00e9es cellulaires et tests cellulaires [Modal] - Sygnature","isPartOf":{"@id":"https:\/\/www.sygnaturediscovery.com\/fr\/#website"},"datePublished":"2025-12-10T11:00:31+00:00","dateModified":"2026-01-27T15:11:04+00:00","breadcrumb":{"@id":"https:\/\/www.sygnaturediscovery.com\/fr\/generation-de-lignees-cellulaires-et-tests-cellulaires-modal\/#breadcrumb"},"inLanguage":"fr-CA","potentialAction":[{"@type":"ReadAction","target":["https:\/\/www.sygnaturediscovery.com\/fr\/generation-de-lignees-cellulaires-et-tests-cellulaires-modal\/"]}]},{"@type":"BreadcrumbList","@id":"https:\/\/www.sygnaturediscovery.com\/fr\/generation-de-lignees-cellulaires-et-tests-cellulaires-modal\/#breadcrumb","itemListElement":[{"@type":"ListItem","position":1,"name":"Home","item":"https:\/\/www.sygnaturediscovery.com\/fr\/page-daccueil\/"},{"@type":"ListItem","position":2,"name":"G\u00e9n\u00e9ration de lign\u00e9es cellulaires et tests cellulaires [Modal]"}]},{"@type":"WebSite","@id":"https:\/\/www.sygnaturediscovery.com\/fr\/#website","url":"https:\/\/www.sygnaturediscovery.com\/fr\/","name":"Sygnature Discovery","description":"","publisher":{"@id":"https:\/\/www.sygnaturediscovery.com\/fr\/#organization"},"alternateName":"Sygnature","potentialAction":[{"@type":"SearchAction","target":{"@type":"EntryPoint","urlTemplate":"https:\/\/www.sygnaturediscovery.com\/fr\/?s={search_term_string}"},"query-input":{"@type":"PropertyValueSpecification","valueRequired":true,"valueName":"search_term_string"}}],"inLanguage":"fr-CA"},{"@type":"Organization","@id":"https:\/\/www.sygnaturediscovery.com\/fr\/#organization","name":"Sygnature","url":"https:\/\/www.sygnaturediscovery.com\/fr\/","logo":{"@type":"ImageObject","inLanguage":"fr-CA","@id":"https:\/\/www.sygnaturediscovery.com\/fr\/#\/schema\/logo\/image\/","url":"https:\/\/www.sygnaturediscovery.com\/wp-content\/uploads\/2025\/11\/Logo.svg","contentUrl":"https:\/\/www.sygnaturediscovery.com\/wp-content\/uploads\/2025\/11\/Logo.svg","width":1,"height":1,"caption":"Sygnature"},"image":{"@id":"https:\/\/www.sygnaturediscovery.com\/fr\/#\/schema\/logo\/image\/"}}]}},"_links":{"self":[{"href":"https:\/\/www.sygnaturediscovery.com\/fr\/wp-json\/wp\/v2\/pages\/13322","targetHints":{"allow":["GET"]}}],"collection":[{"href":"https:\/\/www.sygnaturediscovery.com\/fr\/wp-json\/wp\/v2\/pages"}],"about":[{"href":"https:\/\/www.sygnaturediscovery.com\/fr\/wp-json\/wp\/v2\/types\/page"}],"author":[{"embeddable":true,"href":"https:\/\/www.sygnaturediscovery.com\/fr\/wp-json\/wp\/v2\/users\/1"}],"replies":[{"embeddable":true,"href":"https:\/\/www.sygnaturediscovery.com\/fr\/wp-json\/wp\/v2\/comments?post=13322"}],"version-history":[{"count":0,"href":"https:\/\/www.sygnaturediscovery.com\/fr\/wp-json\/wp\/v2\/pages\/13322\/revisions"}],"wp:attachment":[{"href":"https:\/\/www.sygnaturediscovery.com\/fr\/wp-json\/wp\/v2\/media?parent=13322"}],"curies":[{"name":"wp","href":"https:\/\/api.w.org\/{rel}","templated":true}]}}